{"id":16,"date":"2026-01-07T08:31:51","date_gmt":"2026-01-07T08:31:51","guid":{"rendered":"https:\/\/mindlabs.mx\/wordpress\/?page_id=16"},"modified":"2026-01-12T06:31:21","modified_gmt":"2026-01-12T06:31:21","slug":"inicio","status":"publish","type":"page","link":"https:\/\/mindlabs.mx\/","title":{"rendered":"Inicio"},"content":{"rendered":"\n<div class=\"wp-block-cover alignfull wp-duotone-var--nv-primary-accent-rgb13464255-1\" style=\"min-height:800px;aspect-ratio:unset;\"><img decoding=\"async\" class=\"wp-block-cover__image-background\" alt=\"\" src=\"https:\/\/mindlabs.mx\/wp-content\/themes\/neve\/assets\/img\/starter-content\/neve-hero-2.png\" style=\"object-position:73% 86%\" data-object-fit=\"cover\" data-object-position=\"73% 86%\"\/><span aria-hidden=\"true\" class=\"wp-block-cover__background has-background-dim-0 has-background-dim\"><\/span><div class=\"wp-block-cover__inner-container is-layout-flow wp-block-cover-is-layout-flow\">\n<div class=\"wp-block-columns are-vertically-aligned-center is-layout-flex wp-container-core-columns-is-layout-9d6595d7 wp-block-columns-is-layout-flex\">\n<div class=\"wp-block-column is-vertically-aligned-center is-layout-flow wp-block-column-is-layout-flow\" style=\"padding-right:var(--wp--preset--spacing--20);padding-left:var(--wp--preset--spacing--20);flex-basis:65%\">\n<div style=\"height:80px\" aria-hidden=\"true\" class=\"wp-block-spacer\"><\/div>\n\n\n\n<h1 class=\"wp-block-heading has-text-align-left has-nv-text-dark-bg-color has-text-color\"><strong><strong>Tu presencia digital empieza con claridad.<\/strong><\/strong><\/h1>\n\n\n\n<p class=\"has-text-align-left has-nv-text-dark-bg-color has-text-color\" style=\"font-size:17px\"><strong>Dise\u00f1amos sitios web y tiendas online funcionales, claros y pensados para ayudar a tu negocio a crecer.<\/strong><\/p>\n\n\n\n<div class=\"wp-block-buttons is-horizontal is-content-justification-left is-layout-flex wp-container-core-buttons-is-layout-7e5fce0a wp-block-buttons-is-layout-flex\">\n<div class=\"wp-block-button is-style-primary\"><a class=\"wp-block-button__link has-text-color has-background has-link-color wp-element-button\" href=\"https:\/\/mindlabs.mx\/about\/\" style=\"color:#0a2279;background-color:#ffffff\">Hablemos de tu sitio<\/a><\/div>\n\n\n\n<div class=\"wp-block-button is-style-secondary\"><a class=\"wp-block-button__link has-nv-text-dark-bg-color has-text-color has-link-color wp-element-button\" href=\"https:\/\/mindlabs.mx\/portofolio\/\">Ver Servicios<\/a><\/div>\n<\/div>\n\n\n\n<div style=\"height:100px\" aria-hidden=\"true\" class=\"wp-block-spacer\"><\/div>\n<\/div>\n\n\n\n<div class=\"wp-block-column is-vertically-aligned-center is-layout-flow wp-block-column-is-layout-flow\">\n<figure class=\"wp-block-image size-full\"><img decoding=\"async\" src=\"https:\/\/mindlabs.mx\/wp-content\/themes\/neve\/assets\/img\/starter-content\/person-hero-2.png\" alt=\"\"\/><\/figure>\n<\/div>\n<\/div>\n<\/div><\/div>\n\n\n\n<h2 class=\"wp-block-heading has-text-align-center\">No importa en qu\u00e9 punto est\u00e9s, podemos ayudarte<\/h2>\n\n\n\n<div class=\"wp-block-columns is-layout-flex wp-container-core-columns-is-layout-9d6595d7 wp-block-columns-is-layout-flex\">\n<div class=\"wp-block-column is-layout-flow wp-block-column-is-layout-flow\"><div class=\"wp-block-image\">\n<figure class=\"aligncenter size-full is-resized\"><img fetchpriority=\"high\" decoding=\"async\" width=\"512\" height=\"512\" src=\"https:\/\/mindlabs.mx\/wp-content\/uploads\/2026\/01\/web-1.png\" alt=\"\" class=\"wp-image-70\" style=\"aspect-ratio:1.0599730458221024;width:176px;height:auto\" srcset=\"https:\/\/mindlabs.mx\/wp-content\/uploads\/2026\/01\/web-1.png 512w, https:\/\/mindlabs.mx\/wp-content\/uploads\/2026\/01\/web-1-300x300.png 300w, https:\/\/mindlabs.mx\/wp-content\/uploads\/2026\/01\/web-1-150x150.png 150w\" sizes=\"(max-width: 512px) 100vw, 512px\" \/><\/figure>\n<\/div>\n\n\n<h2 class=\"wp-block-heading has-text-align-center\">Si no tienes un sitio web<\/h2>\n\n\n\n<p class=\"has-text-align-center\">Te ayudamos a construirlo desde cero, con una estructura clara y funcional.<\/p>\n<\/div>\n\n\n\n<div class=\"wp-block-column is-layout-flow wp-block-column-is-layout-flow\"><div class=\"wp-block-image\">\n<figure class=\"aligncenter size-full is-resized\"><img decoding=\"async\" width=\"512\" height=\"512\" src=\"https:\/\/mindlabs.mx\/wp-content\/uploads\/2026\/01\/configuracion-web-1.png\" alt=\"\" class=\"wp-image-72\" style=\"aspect-ratio:1.0599730458221024;width:176px;height:auto\" srcset=\"https:\/\/mindlabs.mx\/wp-content\/uploads\/2026\/01\/configuracion-web-1.png 512w, https:\/\/mindlabs.mx\/wp-content\/uploads\/2026\/01\/configuracion-web-1-300x300.png 300w, https:\/\/mindlabs.mx\/wp-content\/uploads\/2026\/01\/configuracion-web-1-150x150.png 150w\" sizes=\"(max-width: 512px) 100vw, 512px\" \/><\/figure>\n<\/div>\n\n\n<h2 class=\"wp-block-heading has-text-align-center\">Tienes un sitio que no funciona<\/h2>\n\n\n\n<p class=\"has-text-align-center\">Lo ordenamos y lo alineamos para que apoye a tus objetivos comerciales.<\/p>\n<\/div>\n\n\n\n<div class=\"wp-block-column is-layout-flow wp-block-column-is-layout-flow\"><div class=\"wp-block-image\">\n<figure class=\"aligncenter size-full is-resized\"><img decoding=\"async\" width=\"512\" height=\"512\" src=\"https:\/\/mindlabs.mx\/wp-content\/uploads\/2026\/01\/compras-web.png\" alt=\"\" class=\"wp-image-73\" style=\"aspect-ratio:1.0599730458221024;width:176px;height:auto\" srcset=\"https:\/\/mindlabs.mx\/wp-content\/uploads\/2026\/01\/compras-web.png 512w, https:\/\/mindlabs.mx\/wp-content\/uploads\/2026\/01\/compras-web-300x300.png 300w, https:\/\/mindlabs.mx\/wp-content\/uploads\/2026\/01\/compras-web-150x150.png 150w\" sizes=\"(max-width: 512px) 100vw, 512px\" \/><\/figure>\n<\/div>\n\n\n<h2 class=\"wp-block-heading has-text-align-center\">Quieres vender en l\u00ednea<\/h2>\n\n\n\n<p class=\"has-text-align-center\">Creamos tiendas pensadas para convertir visitas en ventas reales.<\/p>\n<\/div>\n<\/div>\n\n\n\n<div class=\"wp-block-cover alignfull\" style=\"min-height:600px;aspect-ratio:unset;\"><span aria-hidden=\"true\" class=\"wp-block-cover__background has-nv-light-bg-background-color has-background-dim-80 has-background-dim\"><\/span><div class=\"wp-block-cover__inner-container is-layout-flow wp-block-cover-is-layout-flow\">\n<h2 class=\"wp-block-heading has-text-align-center\"><mark style=\"background-color:rgba(0, 0, 0, 0)\" class=\"has-inline-color has-nv-dark-bg-color\">Dise\u00f1o con intenci\u00f3n, no solo apariencia.<\/mark><\/h2>\n\n\n\n<div class=\"wp-block-columns is-layout-flex wp-container-core-columns-is-layout-9d6595d7 wp-block-columns-is-layout-flex\">\n<div class=\"wp-block-column is-layout-flow wp-block-column-is-layout-flow\"><div class=\"wp-block-image\">\n<figure class=\"aligncenter size-full is-resized\"><img loading=\"lazy\" decoding=\"async\" width=\"512\" height=\"512\" src=\"https:\/\/mindlabs.mx\/wp-content\/uploads\/2026\/01\/venta-en-linea.png\" alt=\"\" class=\"wp-image-76\" style=\"aspect-ratio:1.0599730458221024;width:176px;height:auto\" srcset=\"https:\/\/mindlabs.mx\/wp-content\/uploads\/2026\/01\/venta-en-linea.png 512w, https:\/\/mindlabs.mx\/wp-content\/uploads\/2026\/01\/venta-en-linea-300x300.png 300w, https:\/\/mindlabs.mx\/wp-content\/uploads\/2026\/01\/venta-en-linea-150x150.png 150w\" sizes=\"(max-width: 512px) 100vw, 512px\" \/><\/figure>\n<\/div>\n\n\n<h2 class=\"wp-block-heading has-text-align-center\"><mark style=\"background-color:rgba(0, 0, 0, 0)\" class=\"has-inline-color has-neve-text-color-color\">Claridad desde el inicio<\/mark><\/h2>\n\n\n\n<p class=\"has-text-align-center\"><mark style=\"background-color:rgba(0, 0, 0, 0)\" class=\"has-inline-color has-neve-text-color-color\">Tu negocio se entiende r\u00e1pido, sin explicaciones largas ni confusi\u00f3n.<\/mark><\/p>\n<\/div>\n\n\n\n<div class=\"wp-block-column is-layout-flow wp-block-column-is-layout-flow\"><div class=\"wp-block-image\">\n<figure class=\"aligncenter size-full is-resized\"><img loading=\"lazy\" decoding=\"async\" width=\"512\" height=\"512\" src=\"https:\/\/mindlabs.mx\/wp-content\/uploads\/2026\/01\/proceso.png\" alt=\"\" class=\"wp-image-77\" style=\"aspect-ratio:1.0599730458221024;width:176px;height:auto\" srcset=\"https:\/\/mindlabs.mx\/wp-content\/uploads\/2026\/01\/proceso.png 512w, https:\/\/mindlabs.mx\/wp-content\/uploads\/2026\/01\/proceso-300x300.png 300w, https:\/\/mindlabs.mx\/wp-content\/uploads\/2026\/01\/proceso-150x150.png 150w\" sizes=\"(max-width: 512px) 100vw, 512px\" \/><\/figure>\n<\/div>\n\n\n<h2 class=\"wp-block-heading has-text-align-center\"><mark style=\"background-color:rgba(0, 0, 0, 0)\" class=\"has-inline-color has-neve-text-color-color\">Estructura pr\u00e1ctica<\/mark><\/h2>\n\n\n\n<p class=\"has-text-align-center\"><mark style=\"background-color:rgba(0, 0, 0, 0)\" class=\"has-inline-color has-neve-text-color-color\">Cada secci\u00f3n tiene un prop\u00f3sito claro y gu\u00eda al visitante a la acci\u00f3n.<\/mark><\/p>\n<\/div>\n\n\n\n<div class=\"wp-block-column is-layout-flow wp-block-column-is-layout-flow\"><div class=\"wp-block-image\">\n<figure class=\"aligncenter size-full is-resized\"><img loading=\"lazy\" decoding=\"async\" width=\"512\" height=\"512\" src=\"https:\/\/mindlabs.mx\/wp-content\/uploads\/2026\/01\/web-2.png\" alt=\"\" class=\"wp-image-79\" style=\"aspect-ratio:1.0599730458221024;width:176px;height:auto\" srcset=\"https:\/\/mindlabs.mx\/wp-content\/uploads\/2026\/01\/web-2.png 512w, https:\/\/mindlabs.mx\/wp-content\/uploads\/2026\/01\/web-2-300x300.png 300w, https:\/\/mindlabs.mx\/wp-content\/uploads\/2026\/01\/web-2-150x150.png 150w\" sizes=\"(max-width: 512px) 100vw, 512px\" \/><\/figure>\n<\/div>\n\n\n<h2 class=\"wp-block-heading has-text-align-center\"><mark style=\"background-color:rgba(0, 0, 0, 0)\" class=\"has-inline-color has-neve-text-color-color\">Pensado para crecer<\/mark><\/h2>\n\n\n\n<p class=\"has-text-align-center\"><mark style=\"background-color:rgba(0, 0, 0, 0)\" class=\"has-inline-color has-neve-text-color-color\">Tu sitio puede evolucionar contigo conforme tu negocio avanza.<\/mark><\/p>\n<\/div>\n<\/div>\n<\/div><\/div>\n\n\n\n<div class=\"wp-block-columns is-layout-flex wp-container-core-columns-is-layout-9d6595d7 wp-block-columns-is-layout-flex\">\n<div class=\"wp-block-column neve-duotone is-layout-flow wp-block-column-is-layout-flow\" style=\"padding-right:var(--wp--preset--spacing--30);padding-left:var(--wp--preset--spacing--30)\"><div class=\"wp-block-image icon-style is-style-default wp-duotone-unset-2\">\n<figure class=\"aligncenter size-full has-custom-border\"><img decoding=\"async\" src=\"https:\/\/mindlabs.mx\/wp-content\/themes\/neve\/assets\/img\/starter-content\/neve-marketing-icon-1.png\" alt=\"\" style=\"border-radius:0px\" title=\"\"\/><\/figure>\n<\/div>\n\n\n<div style=\"height:16px\" aria-hidden=\"true\" class=\"wp-block-spacer\"><\/div>\n\n\n\n<h3 class=\"wp-block-heading has-text-align-center has-neve-text-color-color has-text-color\">Dise\u00f1o Web<\/h3>\n\n\n\n<p class=\"has-text-align-center\">Sitios claros, r\u00e1pidos y f\u00e1ciles de usar para tus clientes.<\/p>\n\n\n\n<div style=\"height:20px\" aria-hidden=\"true\" class=\"wp-block-spacer\"><\/div>\n<\/div>\n\n\n\n<div class=\"wp-block-column is-layout-flow wp-block-column-is-layout-flow\" style=\"padding-right:var(--wp--preset--spacing--30);padding-left:var(--wp--preset--spacing--30)\"><div class=\"wp-block-image icon-style is-style-default\">\n<figure class=\"aligncenter size-full has-custom-border\"><img decoding=\"async\" src=\"https:\/\/mindlabs.mx\/wp-content\/themes\/neve\/assets\/img\/starter-content\/neve-marketing-icon-4.1.png\" alt=\"\" style=\"border-radius:0px\" title=\"\"\/><\/figure>\n<\/div>\n\n\n<div style=\"height:16px\" aria-hidden=\"true\" class=\"wp-block-spacer\"><\/div>\n\n\n\n<h3 class=\"wp-block-heading has-text-align-center has-neve-text-color-color has-text-color\">E-commerce<\/h3>\n\n\n\n<p class=\"has-text-align-center\">Tiendas online pr\u00e1cticas, bien estructuradas y listas para vender.<\/p>\n\n\n\n<div style=\"height:20px\" aria-hidden=\"true\" class=\"wp-block-spacer\"><\/div>\n<\/div>\n\n\n\n<div class=\"wp-block-column is-layout-flow wp-block-column-is-layout-flow\" style=\"padding-right:var(--wp--preset--spacing--30);padding-left:var(--wp--preset--spacing--30)\"><div class=\"wp-block-image icon-style is-style-default wp-duotone-unset-3\">\n<figure class=\"aligncenter size-full has-custom-border\"><img decoding=\"async\" src=\"https:\/\/mindlabs.mx\/wp-content\/themes\/neve\/assets\/img\/starter-content\/neve-marketing-icon-3.1.png\" alt=\"\" style=\"border-radius:0px\" title=\"\"\/><\/figure>\n<\/div>\n\n\n<div style=\"height:16px\" aria-hidden=\"true\" class=\"wp-block-spacer\"><\/div>\n\n\n\n<h3 class=\"wp-block-heading has-text-align-center has-neve-text-color-color has-text-color\">Optimizaci\u00f3n y mejoras<\/h3>\n\n\n\n<p class=\"has-text-align-center\">Ajustes y redise\u00f1os para que tu sitio funcione mejor y convierta m\u00e1s.<\/p>\n\n\n\n<div style=\"height:20px\" aria-hidden=\"true\" class=\"wp-block-spacer\"><\/div>\n<\/div>\n\n\n\n<div class=\"wp-block-column is-layout-flow wp-block-column-is-layout-flow\" style=\"padding-right:var(--wp--preset--spacing--30);padding-left:var(--wp--preset--spacing--30)\"><div class=\"wp-block-image icon-style is-style-default wp-duotone-unset-4\">\n<figure class=\"aligncenter size-full has-custom-border\"><img decoding=\"async\" src=\"https:\/\/mindlabs.mx\/wp-content\/themes\/neve\/assets\/img\/starter-content\/neve-marketing-icon-2.png\" alt=\"\" style=\"border-radius:0px\" title=\"\"\/><\/figure>\n<\/div>\n\n\n<div style=\"height:16px\" aria-hidden=\"true\" class=\"wp-block-spacer\"><\/div>\n\n\n\n<h3 class=\"wp-block-heading has-text-align-center has-neve-text-color-color has-text-color\">Marketing Digital<\/h3>\n\n\n\n<p class=\"has-text-align-center\">Acompa\u00f1amiento estrat\u00e9gico para atraer tr\u00e1fico \u00fatil y generar oportunidades.<\/p>\n\n\n\n<div style=\"height:20px\" aria-hidden=\"true\" class=\"wp-block-spacer\"><\/div>\n<\/div>\n<\/div>\n\n\n\n<div class=\"wp-block-cover alignfull\" style=\"min-height:600px;aspect-ratio:unset;\"><span aria-hidden=\"true\" class=\"wp-block-cover__background has-nv-light-bg-background-color has-background-dim-80 has-background-dim\"><\/span><div class=\"wp-block-cover__inner-container is-layout-flow wp-block-cover-is-layout-flow\">\n<div class=\"wp-block-group\"><div class=\"wp-block-group__inner-container is-layout-flow wp-block-group-is-layout-flow\">\n<div style=\"height:80px\" aria-hidden=\"true\" class=\"wp-block-spacer\"><\/div>\n\n\n\n<div class=\"wp-block-columns is-layout-flex wp-container-core-columns-is-layout-9d6595d7 wp-block-columns-is-layout-flex\">\n<div class=\"wp-block-column is-layout-flow wp-block-column-is-layout-flow\" style=\"padding-right:0;padding-left:0;flex-basis:20%\">\n<div class=\"wp-block-group is-vertical is-content-justification-center is-layout-flex wp-container-core-group-is-layout-4b2eccd6 wp-block-group-is-layout-flex\"><\/div>\n<\/div>\n\n\n\n<div class=\"wp-block-column is-layout-flow wp-block-column-is-layout-flow\" style=\"flex-basis:60%\">\n<div class=\"wp-block-group is-vertical is-content-justification-center is-layout-flex wp-container-core-group-is-layout-4b2eccd6 wp-block-group-is-layout-flex\">\n<h2 class=\"wp-block-heading has-text-align-center has-neve-text-color-color has-text-color has-link-color wp-elements-33c1540aec2a0d2fffcd785f778a6e2a\">\u00bfC\u00f3mo trabajamos?<\/h2>\n\n\n\n<p class=\"has-text-align-center has-neve-text-color-color has-text-color has-link-color wp-elements-e9e5ce2e1cf4438a1ec4a278539f0fcc\">No creemos en sitios complicados ni en promesas exageradas.<br>Creamos webs claras, bien hechas y pensadas para funcionar.<\/p>\n\n\n\n<div style=\"height:0px\" aria-hidden=\"true\" class=\"wp-block-spacer wp-container-content-541a6b20\"><\/div>\n<\/div>\n<\/div>\n\n\n\n<div class=\"wp-block-column is-layout-flow wp-block-column-is-layout-flow\" style=\"flex-basis:20%\">\n<div class=\"wp-block-group is-vertical is-content-justification-center is-layout-flex wp-container-core-group-is-layout-4b2eccd6 wp-block-group-is-layout-flex\"><\/div>\n<\/div>\n<\/div>\n\n\n\n<div class=\"wp-block-columns are-vertically-aligned-center is-layout-flex wp-container-core-columns-is-layout-9d6595d7 wp-block-columns-is-layout-flex\">\n<div class=\"wp-block-column is-layout-flow wp-block-column-is-layout-flow\">\n<h2 class=\"wp-block-heading has-text-align-center\"><mark style=\"background-color:rgba(0, 0, 0, 0)\" class=\"has-inline-color has-nv-dark-bg-color\">Hablamos claro<\/mark><\/h2>\n\n\n<div class=\"wp-block-image\">\n<figure class=\"aligncenter size-full is-resized\"><img loading=\"lazy\" decoding=\"async\" width=\"512\" height=\"512\" src=\"https:\/\/mindlabs.mx\/wp-content\/uploads\/2026\/01\/personas-1.png\" alt=\"\" class=\"wp-image-62\" style=\"width:213px;height:auto\" srcset=\"https:\/\/mindlabs.mx\/wp-content\/uploads\/2026\/01\/personas-1.png 512w, https:\/\/mindlabs.mx\/wp-content\/uploads\/2026\/01\/personas-1-300x300.png 300w, https:\/\/mindlabs.mx\/wp-content\/uploads\/2026\/01\/personas-1-150x150.png 150w\" sizes=\"(max-width: 512px) 100vw, 512px\" \/><\/figure>\n<\/div><\/div>\n\n\n\n<div class=\"wp-block-column is-layout-flow wp-block-column-is-layout-flow\">\n<h2 class=\"wp-block-heading has-text-align-center\"><mark style=\"background-color:rgba(0, 0, 0, 0)\" class=\"has-inline-color has-neve-text-color-color\">Pensamos en el usuario<\/mark><\/h2>\n\n\n<div class=\"wp-block-image\">\n<figure class=\"aligncenter size-full is-resized\"><img loading=\"lazy\" decoding=\"async\" width=\"512\" height=\"512\" src=\"https:\/\/mindlabs.mx\/wp-content\/uploads\/2026\/01\/los-usuarios.png\" alt=\"\" class=\"wp-image-60\" style=\"width:188px;height:auto\" srcset=\"https:\/\/mindlabs.mx\/wp-content\/uploads\/2026\/01\/los-usuarios.png 512w, https:\/\/mindlabs.mx\/wp-content\/uploads\/2026\/01\/los-usuarios-300x300.png 300w, https:\/\/mindlabs.mx\/wp-content\/uploads\/2026\/01\/los-usuarios-150x150.png 150w\" sizes=\"(max-width: 512px) 100vw, 512px\" \/><\/figure>\n<\/div><\/div>\n\n\n\n<div class=\"wp-block-column is-layout-flow wp-block-column-is-layout-flow\">\n<h2 class=\"wp-block-heading has-text-align-center\"><mark style=\"background-color:rgba(0, 0, 0, 0)\" class=\"has-inline-color has-neve-text-color-color\">Proponemos soluciones pr\u00e1cticas<\/mark><\/h2>\n\n\n<div class=\"wp-block-image\">\n<figure class=\"aligncenter size-full is-resized\"><img loading=\"lazy\" decoding=\"async\" width=\"512\" height=\"512\" src=\"https:\/\/mindlabs.mx\/wp-content\/uploads\/2026\/01\/plan-estrategico.png\" alt=\"\" class=\"wp-image-61\" style=\"width:193px;height:auto\" srcset=\"https:\/\/mindlabs.mx\/wp-content\/uploads\/2026\/01\/plan-estrategico.png 512w, https:\/\/mindlabs.mx\/wp-content\/uploads\/2026\/01\/plan-estrategico-300x300.png 300w, https:\/\/mindlabs.mx\/wp-content\/uploads\/2026\/01\/plan-estrategico-150x150.png 150w\" sizes=\"(max-width: 512px) 100vw, 512px\" \/><\/figure>\n<\/div><\/div>\n<\/div>\n<\/div><\/div>\n<\/div><\/div>\n\n\n\n<div class=\"wp-block-cover alignfull\" style=\"min-height:300px;aspect-ratio:unset;\"><span aria-hidden=\"true\" class=\"wp-block-cover__background has-neve-link-color-background-color has-background-dim-100 has-background-dim\"><\/span><div class=\"wp-block-cover__inner-container is-layout-flow wp-block-cover-is-layout-flow\">\n<div style=\"height:140px\" aria-hidden=\"true\" class=\"wp-block-spacer\"><\/div>\n\n\n\n<div class=\"wp-block-columns is-layout-flex wp-container-core-columns-is-layout-9d6595d7 wp-block-columns-is-layout-flex\">\n<div class=\"wp-block-column is-layout-flow wp-block-column-is-layout-flow\" style=\"flex-basis:20%\"><\/div>\n\n\n\n<div class=\"wp-block-column is-layout-flow wp-block-column-is-layout-flow\" style=\"flex-basis:60%\">\n<div class=\"wp-block-group\"><div class=\"wp-block-group__inner-container is-layout-constrained wp-block-group-is-layout-constrained\">\n<h2 class=\"wp-block-heading has-text-align-center has-nv-text-dark-bg-color has-text-color\">\u00bfListo para empezar?<\/h2>\n\n\n\n<p class=\"has-text-align-center has-nv-text-dark-bg-color has-text-color has-link-color wp-elements-b1bd920f979e445fc51c16e8af9c4e7e\">Hablemos de tu proyecto y construyamos algo que funcione para tu negocio.<\/p>\n\n\n\n<div class=\"wp-block-buttons is-horizontal is-content-justification-center is-layout-flex wp-container-core-buttons-is-layout-499968f5 wp-block-buttons-is-layout-flex\">\n<div class=\"wp-block-button is-style-primary\"><a class=\"wp-block-button__link has-neve-link-color-color has-text-color has-background has-link-color wp-element-button\" href=\"https:\/\/mindlabs.mx\/contact\/\" style=\"background-color:#ffffff\">Cont\u00e1ctanos<\/a><\/div>\n<\/div>\n<\/div><\/div>\n<\/div>\n\n\n\n<div class=\"wp-block-column is-layout-flow wp-block-column-is-layout-flow\" style=\"flex-basis:20%\"><\/div>\n<\/div>\n\n\n\n<div style=\"height:140px\" aria-hidden=\"true\" class=\"wp-block-spacer\"><\/div>\n<\/div><\/div>\n","protected":false},"excerpt":{"rendered":"<p>No importa en qu\u00e9 punto est\u00e9s, podemos ayudarte Si no tienes un sitio web Te ayudamos a construirlo desde cero, con una estructura clara y funcional. Tienes un sitio que no funciona Lo ordenamos y lo alineamos para que apoye a tus objetivos comerciales. Quieres vender en l\u00ednea Creamos tiendas pensadas para convertir visitas en&hellip;&nbsp;<a href=\"https:\/\/mindlabs.mx\/\" rel=\"bookmark\"><span class=\"screen-reader-text\">Inicio<\/span><\/a><\/p>\n","protected":false},"author":1,"featured_media":0,"parent":0,"menu_order":0,"comment_status":"closed","ping_status":"closed","template":"","meta":{"neve_meta_sidebar":"","neve_meta_container":"","neve_meta_enable_content_width":"on","neve_meta_content_width":100,"neve_meta_title_alignment":"","neve_meta_author_avatar":"","neve_post_elements_order":"","neve_meta_disable_header":"","neve_meta_disable_footer":"","neve_meta_disable_title":"on","footnotes":""},"class_list":["post-16","page","type-page","status-publish","hentry"],"_links":{"self":[{"href":"https:\/\/mindlabs.mx\/index.php?rest_route=\/wp\/v2\/pages\/16","targetHints":{"allow":["GET"]}}],"collection":[{"href":"https:\/\/mindlabs.mx\/index.php?rest_route=\/wp\/v2\/pages"}],"about":[{"href":"https:\/\/mindlabs.mx\/index.php?rest_route=\/wp\/v2\/types\/page"}],"author":[{"embeddable":true,"href":"https:\/\/mindlabs.mx\/index.php?rest_route=\/wp\/v2\/users\/1"}],"replies":[{"embeddable":true,"href":"https:\/\/mindlabs.mx\/index.php?rest_route=%2Fwp%2Fv2%2Fcomments&post=16"}],"version-history":[{"count":11,"href":"https:\/\/mindlabs.mx\/index.php?rest_route=\/wp\/v2\/pages\/16\/revisions"}],"predecessor-version":[{"id":84,"href":"https:\/\/mindlabs.mx\/index.php?rest_route=\/wp\/v2\/pages\/16\/revisions\/84"}],"wp:attachment":[{"href":"https:\/\/mindlabs.mx\/index.php?rest_route=%2Fwp%2Fv2%2Fmedia&parent=16"}],"curies":[{"name":"wp","href":"https:\/\/api.w.org\/{rel}","templated":true}]}}